{"id":1385,"date":"2014-07-29T10:36:38","date_gmt":"2014-07-29T10:36:38","guid":{"rendered":"http:\/\/xml-io.proteusthemes.com\/restaurant\/?page_id=1385"},"modified":"2022-03-11T09:15:12","modified_gmt":"2022-03-11T09:15:12","slug":"webers-esszeit2","status":"publish","type":"page","link":"https:\/\/uhrwerk-gutach.de\/webers-esszeit\/webers-esszeit2\/","title":{"rendered":"Webers Esszeit"},"content":{"rendered":"<div id=\"pl-1385\" class=\"panel-layout\">\n<div id=\"pg-1385-0\" class=\"panel-grid panel-has-style\" data-style=\"{&quot;background_image_attachment&quot;:false,&quot;background_display&quot;:&quot;tile&quot;,&quot;row_stretch&quot;:&quot;full-stretched&quot;,&quot;cell_alignment&quot;:&quot;flex-start&quot;}\" data-ratio=\"1\" data-ratio-direction=\"right\">\n<div class=\"siteorigin-panels-stretch panel-row-style panel-row-style-for-1385-0\" data-stretch-type=\"full-stretched\">\n<div id=\"pgc-1385-0-0\" class=\"panel-grid-cell\" data-weight=\"1\">\n<div id=\"panel-1385-0-0-0\" class=\"so-panel widget widget_custom_html panel-first-child panel-last-child\" data-index=\"0\" data-style=\"{&quot;background_image_attachment&quot;:false,&quot;background_display&quot;:&quot;tile&quot;}\">[siteorigin_widget class=&#8220;WP_Widget_Custom_HTML&#8220;][\/siteorigin_widget]<\/div>\n<\/div>\n<\/div>\n<\/div>\n<div id=\"pg-1385-1\" class=\"panel-grid panel-no-style\" data-style=\"{&quot;background_image_attachment&quot;:false,&quot;background_display&quot;:&quot;tile&quot;,&quot;cell_alignment&quot;:&quot;flex-start&quot;}\" data-ratio=\"1\" data-ratio-direction=\"right\">\n<div id=\"pgc-1385-1-0\" class=\"panel-grid-cell\" data-weight=\"1\">\n<div id=\"panel-1385-1-0-0\" class=\"so-panel widget widget_text panel-first-child\" data-index=\"1\" data-style=\"{&quot;background_image_attachment&quot;:false,&quot;background_display&quot;:&quot;tile&quot;}\">\n<div class=\"textwidget\">\n<div style=\"text-align: center;background-color: #cd2630;color: white;padding: 3rem;font-size: 1.3rem\">\n<div style=\"text-align: center;background-color: #cd2630;color: white;padding: 3rem;font-size: 1.3rem\">\n<p>Wir haben f\u00fcr Sie ge\u00f6ffnet!<\/p>\n<p>Bitte informieren Sie sich vor Ihrem Besuch \u00fcber die aktuellen Coronaregelungen.<\/p>\n<p><strong>Unsere \u00d6ffnungszeiten:<\/strong><\/p>\n<p>Montag bis Samstag: 08:30 bis 23:00 Uhr<br \/>\nSonn- und Feiertags: 08:30 bis 21:00 Uhr<\/p>\n<p><em>Warme K\u00fcche:<\/em><\/p>\n<p>Durchgehend von 11:30 bis 21:00 Uhr<br \/>\nSonn- und Feiertags: 11:30 bis 20:00 Uhr<\/p>\n<p><em>Fr\u00fchst\u00fccksbuffet:<\/em><\/p>\n<p>T\u00e4glich 8:30 &#8211; 11:00 Uhr<\/p>\n<p><em>T\u00e4glich wechselnde Kuchenauswahl &#8211; auch zum Mitnehmen!<\/em><\/p>\n<div><a href=\"www.uhrwerk-gutach.de\/webers-esszeit\/reservieren\" target=\"blank\" rel=\"noopener norefferer\"><br \/><button class=\"btn btn-danger center-block\" style=\"color: black;background-color: white\">Reservieren Sie direkt hier Ihren Tisch!<\/button><br \/><\/a><\/div>\n<\/div>\n<\/div>\n<\/div><\/div>\n<div id=\"panel-1385-1-0-1\" class=\"so-panel widget widget_restaurant_text_with_link panel-last-child\" data-index=\"2\" data-style=\"{&quot;background_image_attachment&quot;:false,&quot;background_display&quot;:&quot;tile&quot;}\">[siteorigin_widget class=&#8220;Restaurant_Text_With_Link&#8220;][\/siteorigin_widget]<\/div>\n<\/div>\n<\/div>\n<div id=\"pg-1385-2\" class=\"panel-grid panel-no-style\" data-style=\"{&quot;background_image_attachment&quot;:false,&quot;background_display&quot;:&quot;tile&quot;,&quot;cell_alignment&quot;:&quot;flex-start&quot;}\" data-ratio=\"1\" data-ratio-direction=\"right\">\n<div id=\"pgc-1385-2-0\" class=\"panel-grid-cell\" data-weight=\"1\">\n<div id=\"panel-1385-2-0-0\" class=\"so-panel widget widget_restaurant_home_divider panel-first-child panel-last-child\" data-index=\"3\" data-style=\"{&quot;background_image_attachment&quot;:false,&quot;background_display&quot;:&quot;tile&quot;}\">[siteorigin_widget class=&#8220;Restaurant_Home_Divider&#8220;][\/siteorigin_widget]<\/div>\n<\/div>\n<\/div>\n<div id=\"pg-1385-3\" class=\"panel-grid panel-no-style\" data-style=\"{&quot;background_image_attachment&quot;:false,&quot;background_display&quot;:&quot;tile&quot;,&quot;cell_alignment&quot;:&quot;flex-start&quot;}\" data-ratio=\"1\" data-ratio-direction=\"right\">\n<div id=\"pgc-1385-3-0\" class=\"panel-grid-cell\" data-weight=\"0.33333333333333\">\n<div id=\"panel-1385-3-0-0\" class=\"so-panel widget widget_restaurant_home_services widget-single-service panel-first-child panel-last-child\" data-index=\"4\" data-style=\"{&quot;background_image_attachment&quot;:false,&quot;background_display&quot;:&quot;tile&quot;}\">[siteorigin_widget class=&#8220;Restaurant_Home_Services&#8220;][\/siteorigin_widget]<\/div>\n<\/div>\n<div id=\"pgc-1385-3-1\" class=\"panel-grid-cell\" data-weight=\"0.33333333333333\">\n<div id=\"panel-1385-3-1-0\" class=\"so-panel widget widget_restaurant_home_services widget-single-service panel-first-child panel-last-child\" data-index=\"5\" data-style=\"{&quot;background_image_attachment&quot;:false,&quot;background_display&quot;:&quot;tile&quot;}\">[siteorigin_widget class=&#8220;Restaurant_Home_Services&#8220;][\/siteorigin_widget]<\/div>\n<\/div>\n<div id=\"pgc-1385-3-2\" class=\"panel-grid-cell\" data-weight=\"0.33333333333333\">\n<div id=\"panel-1385-3-2-0\" class=\"so-panel widget widget_restaurant_home_services widget-single-service panel-first-child panel-last-child\" data-index=\"6\" data-style=\"{&quot;background_image_attachment&quot;:false,&quot;background_display&quot;:&quot;tile&quot;}\">[siteorigin_widget class=&#8220;Restaurant_Home_Services&#8220;][\/siteorigin_widget]<\/div>\n<\/div>\n<\/div>\n<div id=\"pg-1385-4\" class=\"panel-grid panel-no-style\" data-style=\"{&quot;background_display&quot;:&quot;tile&quot;}\">\n<div id=\"pgc-1385-4-0\" class=\"panel-grid-cell\" data-weight=\"1\">\n<div id=\"panel-1385-4-0-0\" class=\"so-panel widget widget_restaurant_home_divider panel-first-child panel-last-child\" data-index=\"7\" data-style=\"{&quot;background_image_attachment&quot;:false,&quot;background_display&quot;:&quot;tile&quot;}\">[siteorigin_widget class=&#8220;Restaurant_Home_Divider&#8220;][\/siteorigin_widget]<\/div>\n<\/div>\n<\/div>\n<div id=\"pg-1385-5\" class=\"panel-grid panel-has-style\" data-style=\"{&quot;background_image_attachment&quot;:false,&quot;background_display&quot;:&quot;tile&quot;,&quot;row_stretch&quot;:&quot;full-stretched&quot;}\">\n<div class=\"siteorigin-panels-stretch panel-row-style panel-row-style-for-1385-5\" data-stretch-type=\"full-stretched\">\n<div id=\"pgc-1385-5-0\" class=\"panel-grid-cell\" data-weight=\"1\">\n<div id=\"panel-1385-5-0-0\" class=\"so-panel widget widget_restaurant_latest_galleries_alt panel-first-child panel-last-child\" data-index=\"8\" data-style=\"{&quot;background_image_attachment&quot;:false,&quot;background_display&quot;:&quot;tile&quot;}\">[siteorigin_widget class=&#8220;Restaurant_Latest_Galleries_Alt&#8220;][\/siteorigin_widget]<\/div>\n<\/div>\n<\/div>\n<\/div>\n<div id=\"pg-1385-6\" class=\"panel-grid panel-no-style\" data-style=\"{&quot;background_image_attachment&quot;:false,&quot;background_display&quot;:&quot;tile&quot;,&quot;cell_alignment&quot;:&quot;flex-start&quot;}\" data-ratio=\"1\" data-ratio-direction=\"right\">\n<div id=\"pgc-1385-6-0\" class=\"panel-grid-cell\" data-weight=\"1\">\n<div id=\"panel-1385-6-0-0\" class=\"so-panel widget widget_restaurant_home_divider panel-first-child panel-last-child\" data-index=\"9\" data-style=\"{&quot;background_image_attachment&quot;:false,&quot;background_display&quot;:&quot;tile&quot;}\">[siteorigin_widget class=&#8220;Restaurant_Home_Divider&#8220;][\/siteorigin_widget]<\/div>\n<\/div>\n<\/div>\n<div id=\"pg-1385-7\" class=\"panel-grid panel-no-style\">\n<div id=\"pgc-1385-7-0\" class=\"panel-grid-cell\" data-weight=\"1\">\n<div id=\"panel-1385-7-0-0\" class=\"so-panel widget widget_restaurant_text_with_link panel-first-child panel-last-child\" data-index=\"10\" data-style=\"{&quot;background_image_attachment&quot;:false,&quot;background_display&quot;:&quot;tile&quot;}\">[siteorigin_widget class=&#8220;Restaurant_Text_With_Link&#8220;][\/siteorigin_widget]<\/div>\n<\/div>\n<\/div>\n<div id=\"pg-1385-8\" class=\"panel-grid panel-has-style\" data-style=\"{&quot;row_css&quot;:&quot;display: none&quot;,&quot;background_image_attachment&quot;:false,&quot;background_display&quot;:&quot;tile&quot;,&quot;cell_alignment&quot;:&quot;flex-start&quot;}\" data-ratio=\"1\" data-ratio-direction=\"right\">\n<div class=\"panel-row-style panel-row-style-for-1385-8\">\n<div id=\"pgc-1385-8-0\" class=\"panel-grid-cell\" data-weight=\"1\">\n<div id=\"panel-1385-8-0-0\" class=\"so-panel widget widget_restaurant_text_with_link panel-first-child panel-last-child\" data-index=\"11\" data-style=\"{&quot;background_image_attachment&quot;:false,&quot;background_display&quot;:&quot;tile&quot;}\">[siteorigin_widget class=&#8220;Restaurant_Text_With_Link&#8220;][\/siteorigin_widget]<\/div>\n<\/div>\n<\/div>\n<\/div>\n<div id=\"pg-1385-9\" class=\"panel-grid panel-has-style\" data-style=\"{&quot;padding&quot;:&quot;30px&quot;,&quot;background_image_attachment&quot;:&quot;2551&quot;,&quot;background_image_attachment_fallback&quot;:false,&quot;background_display&quot;:&quot;tile&quot;,&quot;row_stretch&quot;:&quot;full&quot;,&quot;cell_alignment&quot;:&quot;flex-start&quot;}\">\n<div class=\"siteorigin-panels-stretch panel-row-style panel-row-style-for-1385-9\" data-stretch-type=\"full\">\n<div id=\"pgc-1385-9-0\" class=\"panel-grid-cell\" data-weight=\"1\">\n<div id=\"panel-1385-9-0-0\" class=\"so-panel widget panel-first-child panel-last-child\" data-index=\"12\" data-style=\"{&quot;background_image_attachment&quot;:false,&quot;background_display&quot;:&quot;tile&quot;}\"><\/div>\n<\/div>\n<\/div>\n<\/div>\n<div id=\"pg-1385-10\" class=\"panel-grid panel-no-style\" data-style=\"{&quot;background_image_attachment&quot;:false,&quot;background_display&quot;:&quot;tile&quot;,&quot;cell_alignment&quot;:&quot;flex-start&quot;}\" data-ratio=\"1\" data-ratio-direction=\"right\">\n<div id=\"pgc-1385-10-0\" class=\"panel-grid-cell\" data-weight=\"0.33333333333333\">\n<div id=\"panel-1385-10-0-0\" class=\"so-panel widget widget_restaurant_home_services widget-single-service panel-first-child panel-last-child\" data-index=\"13\" data-style=\"{&quot;background_image_attachment&quot;:false,&quot;background_display&quot;:&quot;tile&quot;}\">[siteorigin_widget class=&#8220;Restaurant_Home_Services&#8220;][\/siteorigin_widget]<\/div>\n<\/div>\n<div id=\"pgc-1385-10-1\" class=\"panel-grid-cell\" data-weight=\"0.33333333333333\">\n<div id=\"panel-1385-10-1-0\" class=\"so-panel widget widget_restaurant_home_services widget-single-service panel-first-child panel-last-child\" data-index=\"14\" data-style=\"{&quot;background_image_attachment&quot;:false,&quot;background_display&quot;:&quot;tile&quot;}\">[siteorigin_widget class=&#8220;Restaurant_Home_Services&#8220;][\/siteorigin_widget]<\/div>\n<\/div>\n<div id=\"pgc-1385-10-2\" class=\"panel-grid-cell\" data-weight=\"0.33333333333333\">\n<div id=\"panel-1385-10-2-0\" class=\"so-panel widget widget_restaurant_home_services widget-single-service panel-first-child panel-last-child\" data-index=\"15\" data-style=\"{&quot;background_image_attachment&quot;:false,&quot;background_display&quot;:&quot;tile&quot;}\">[siteorigin_widget class=&#8220;Restaurant_Home_Services&#8220;][\/siteorigin_widget]<\/div>\n<\/div>\n<\/div>\n<div id=\"pg-1385-11\" class=\"panel-grid panel-no-style\" data-style=\"{&quot;background_display&quot;:&quot;tile&quot;}\">\n<div id=\"pgc-1385-11-0\" class=\"panel-grid-cell\" data-weight=\"1\">\n<div id=\"panel-1385-11-0-0\" class=\"so-panel widget widget_restaurant_home_divider panel-first-child panel-last-child\" data-index=\"16\" data-style=\"{&quot;background_image_attachment&quot;:false,&quot;background_display&quot;:&quot;tile&quot;}\">[siteorigin_widget class=&#8220;Restaurant_Home_Divider&#8220;][\/siteorigin_widget]<\/div>\n<\/div>\n<\/div>\n<div id=\"pg-1385-12\" class=\"panel-grid panel-has-style\" data-style=\"{&quot;background_image_attachment&quot;:false,&quot;background_display&quot;:&quot;tile&quot;,&quot;row_stretch&quot;:&quot;full-stretched&quot;,&quot;cell_alignment&quot;:&quot;flex-start&quot;}\" data-ratio=\"1\" data-ratio-direction=\"right\">\n<div class=\"siteorigin-panels-stretch panel-row-style panel-row-style-for-1385-12\" data-stretch-type=\"full-stretched\">\n<div id=\"pgc-1385-12-0\" class=\"panel-grid-cell panel-grid-cell-empty\" data-weight=\"0.33333333333333\"><\/div>\n<div id=\"pgc-1385-12-1\" class=\"panel-grid-cell panel-grid-cell-mobile-last\" data-weight=\"0.33333333333333\">\n<div id=\"panel-1385-12-1-0\" class=\"so-panel widget widget_restaurant_google_map panel-first-child panel-last-child\" data-index=\"17\">[siteorigin_widget class=&#8220;Restaurant_Google_Map&#8220;][\/siteorigin_widget]<\/div>\n<\/div>\n<div id=\"pgc-1385-12-2\" class=\"panel-grid-cell panel-grid-cell-empty\" data-weight=\"0.33333333333333\"><\/div>\n<\/div>\n<\/div>\n<div id=\"pg-1385-13\" class=\"panel-grid panel-no-style\" data-style=\"{&quot;background_image_attachment&quot;:false,&quot;background_display&quot;:&quot;tile&quot;,&quot;cell_alignment&quot;:&quot;flex-start&quot;}\" data-ratio=\"1\" data-ratio-direction=\"right\">\n<div id=\"pgc-1385-13-0\" class=\"panel-grid-cell\" data-weight=\"1\">\n<div id=\"panel-1385-13-0-0\" class=\"so-panel widget widget_restaurant_home_divider panel-first-child panel-last-child\" data-index=\"18\" data-style=\"{&quot;background_image_attachment&quot;:false,&quot;background_display&quot;:&quot;tile&quot;}\">[siteorigin_widget class=&#8220;Restaurant_Home_Divider&#8220;][\/siteorigin_widget]<\/div>\n<\/div>\n<\/div>\n<div id=\"pg-1385-14\" class=\"panel-grid panel-no-style\" data-style=\"{&quot;background_image_attachment&quot;:false,&quot;background_display&quot;:&quot;tile&quot;,&quot;cell_alignment&quot;:&quot;flex-start&quot;}\" data-ratio=\"1\" data-ratio-direction=\"right\">\n<div id=\"pgc-1385-14-0\" class=\"panel-grid-cell\" data-weight=\"1\">\n<div id=\"panel-1385-14-0-0\" class=\"so-panel widget widget_custom_html panel-first-child panel-last-child\" data-index=\"19\" data-style=\"{&quot;background_image_attachment&quot;:false,&quot;background_display&quot;:&quot;tile&quot;}\">[siteorigin_widget class=&#8220;WP_Widget_Custom_HTML&#8220;][\/siteorigin_widget]<\/div>\n<\/div>\n<\/div>\n<\/div>\n","protected":false},"excerpt":{"rendered":"<p>[siteorigin_widget class=&#8220;WP_Widget_Custom_HTML&#8220;][\/siteorigin_widget] Wir haben f\u00fcr Sie ge\u00f6ffnet! Bitte informieren Sie sich vor Ihrem Besuch \u00fcber die aktuellen Coronaregelungen. Unsere \u00d6ffnungszeiten: Montag bis Samstag: 08:30 bis 23:00 Uhr Sonn- und Feiertags: 08:30 bis 21:00 Uhr Warme K\u00fcche: Durchgehend von 11:30 bis 21:00 Uhr Sonn- und Feiertags: 11:30 bis 20:00 Uhr Fr\u00fchst\u00fccksbuffet: T\u00e4glich 8:30 &#8211; 11:00 Uhr [&hellip;]<\/p>\n","protected":false},"author":1,"featured_media":0,"parent":0,"menu_order":0,"comment_status":"closed","ping_status":"closed","template":"template-front-page.php","meta":{"_uag_custom_page_level_css":"","site-sidebar-layout":"default","site-content-layout":"","ast-site-content-layout":"default","site-content-style":"default","site-sidebar-style":"default","ast-global-header-display":"","ast-banner-title-visibility":"","ast-main-header-display":"","ast-hfb-above-header-display":"","ast-hfb-below-header-display":"","ast-hfb-mobile-header-display":"","site-post-title":"","ast-breadcrumbs-content":"","ast-featured-img":"","footer-sml-layout":"","ast-disable-related-posts":"","theme-transparent-header-meta":"","adv-header-id-meta":"","stick-header-meta":"","header-above-stick-meta":"","header-main-stick-meta":"","header-below-stick-meta":"","astra-migrate-meta-layouts":"default","ast-page-background-enabled":"default","ast-page-background-meta":{"desktop":{"background-color":"var(--ast-global-color-4)","background-image":"","background-repeat":"repeat","background-position":"center center","background-size":"auto","background-attachment":"scroll","background-type":"","background-media":"","overlay-type":"","overlay-color":"","overlay-opacity":"","overlay-gradient":""},"tablet":{"background-color":"","background-image":"","background-repeat":"repeat","background-position":"center center","background-size":"auto","background-attachment":"scroll","background-type":"","background-media":"","overlay-type":"","overlay-color":"","overlay-opacity":"","overlay-gradient":""},"mobile":{"background-color":"","background-image":"","background-repeat":"repeat","background-position":"center center","background-size":"auto","background-attachment":"scroll","background-type":"","background-media":"","overlay-type":"","overlay-color":"","overlay-opacity":"","overlay-gradient":""}},"ast-content-background-meta":{"desktop":{"background-color":"var(--ast-global-color-5)","background-image":"","background-repeat":"repeat","background-position":"center center","background-size":"auto","background-attachment":"scroll","background-type":"","background-media":"","overlay-type":"","overlay-color":"","overlay-opacity":"","overlay-gradient":""},"tablet":{"background-color":"var(--ast-global-color-5)","background-image":"","background-repeat":"repeat","background-position":"center center","background-size":"auto","background-attachment":"scroll","background-type":"","background-media":"","overlay-type":"","overlay-color":"","overlay-opacity":"","overlay-gradient":""},"mobile":{"background-color":"var(--ast-global-color-5)","background-image":"","background-repeat":"repeat","background-position":"center center","background-size":"auto","background-attachment":"scroll","background-type":"","background-media":"","overlay-type":"","overlay-color":"","overlay-opacity":"","overlay-gradient":""}},"footnotes":""},"class_list":["post-1385","page","type-page","status-publish","hentry"],"uagb_featured_image_src":{"full":false,"thumbnail":false,"medium":false,"medium_large":false,"large":false,"1536x1536":false,"2048x2048":false},"uagb_author_info":{"display_name":"admin","author_link":"https:\/\/uhrwerk-gutach.de\/webers-esszeit\/author\/cweber\/"},"uagb_comment_info":0,"uagb_excerpt":"[siteorigin_widget class=&#8220;WP_Widget_Custom_HTML&#8220;][\/siteorigin_widget] Wir haben f\u00fcr Sie ge\u00f6ffnet! Bitte informieren Sie sich vor Ihrem Besuch \u00fcber die aktuellen Coronaregelungen. Unsere \u00d6ffnungszeiten: Montag bis Samstag: 08:30 bis 23:00 Uhr Sonn- und Feiertags: 08:30 bis 21:00 Uhr Warme K\u00fcche: Durchgehend von 11:30 bis 21:00 Uhr Sonn- und Feiertags: 11:30 bis 20:00 Uhr Fr\u00fchst\u00fccksbuffet: T\u00e4glich 8:30 &#8211; 11:00 Uhr&hellip;","_links":{"self":[{"href":"https:\/\/uhrwerk-gutach.de\/webers-esszeit\/wp-json\/wp\/v2\/pages\/1385","targetHints":{"allow":["GET"]}}],"collection":[{"href":"https:\/\/uhrwerk-gutach.de\/webers-esszeit\/wp-json\/wp\/v2\/pages"}],"about":[{"href":"https:\/\/uhrwerk-gutach.de\/webers-esszeit\/wp-json\/wp\/v2\/types\/page"}],"author":[{"embeddable":true,"href":"https:\/\/uhrwerk-gutach.de\/webers-esszeit\/wp-json\/wp\/v2\/users\/1"}],"replies":[{"embeddable":true,"href":"https:\/\/uhrwerk-gutach.de\/webers-esszeit\/wp-json\/wp\/v2\/comments?post=1385"}],"version-history":[{"count":257,"href":"https:\/\/uhrwerk-gutach.de\/webers-esszeit\/wp-json\/wp\/v2\/pages\/1385\/revisions"}],"predecessor-version":[{"id":5401,"href":"https:\/\/uhrwerk-gutach.de\/webers-esszeit\/wp-json\/wp\/v2\/pages\/1385\/revisions\/5401"}],"wp:attachment":[{"href":"https:\/\/uhrwerk-gutach.de\/webers-esszeit\/wp-json\/wp\/v2\/media?parent=1385"}],"curies":[{"name":"wp","href":"https:\/\/api.w.org\/{rel}","templated":true}]}}